{"id":14369,"date":"2022-03-05T13:00:39","date_gmt":"2022-03-05T11:00:39","guid":{"rendered":"https:\/\/begoe.ch\/?post_type=product&#038;p=14369"},"modified":"2022-03-05T13:00:39","modified_gmt":"2022-03-05T11:00:39","slug":"tuerscharnier-fuer-abrollcontainer","status":"publish","type":"product","link":"https:\/\/begoe.ch\/?product=tuerscharnier-fuer-abrollcontainer","title":{"rendered":"T\u00fcrscharnier f\u00fcr Abrollcontainer"},"content":{"rendered":"<p>Fl\u00fcgelt\u00fcr<br \/>\ngeschmiedet<br \/>\nmit Schmiernippel<br \/>\nAnschlag beidseitig verwendbar<br \/>\nScharnier wird vormontiert geliefert<br \/>\nNeu und ungebraucht<\/p>\n<p>Weitere Ersatzteile und Zubeh\u00f6r f\u00fcr Abrollmulden und Absetzmulden auf Anfrage erh\u00e4ltlich.<\/p>\n","protected":false},"excerpt":{"rendered":"<p>Fl\u00fcgelt\u00fcr geschmiedet mit Schmiernippel Anschlag beidseitig verwendbar Scharnier wird vormontiert geliefert Neu und ungebraucht Weitere Ersatzteile und Zubeh\u00f6r f\u00fcr Abrollmulden und Absetzmulden auf Anfrage erh\u00e4ltlich.<\/p>\n","protected":false},"featured_media":14370,"template":"","meta":{"ngg_post_thumbnail":0},"product_brand":[],"product_cat":[35],"product_tag":[],"class_list":{"0":"post-14369","1":"product","2":"type-product","3":"status-publish","4":"has-post-thumbnail","6":"product_cat-ersatzteile-abrollmulden","7":"product_shipping_class-normal","9":"first","10":"instock","11":"taxable","12":"shipping-taxable","13":"purchasable","14":"product-type-simple"},"_links":{"self":[{"href":"https:\/\/begoe.ch\/index.php?rest_route=\/wp\/v2\/product\/14369","targetHints":{"allow":["GET"]}}],"collection":[{"href":"https:\/\/begoe.ch\/index.php?rest_route=\/wp\/v2\/product"}],"about":[{"href":"https:\/\/begoe.ch\/index.php?rest_route=\/wp\/v2\/types\/product"}],"wp:featuredmedia":[{"embeddable":true,"href":"https:\/\/begoe.ch\/index.php?rest_route=\/wp\/v2\/media\/14370"}],"wp:attachment":[{"href":"https:\/\/begoe.ch\/index.php?rest_route=%2Fwp%2Fv2%2Fmedia&parent=14369"}],"wp:term":[{"taxonomy":"product_brand","embeddable":true,"href":"https:\/\/begoe.ch\/index.php?rest_route=%2Fwp%2Fv2%2Fproduct_brand&post=14369"},{"taxonomy":"product_cat","embeddable":true,"href":"https:\/\/begoe.ch\/index.php?rest_route=%2Fwp%2Fv2%2Fproduct_cat&post=14369"},{"taxonomy":"product_tag","embeddable":true,"href":"https:\/\/begoe.ch\/index.php?rest_route=%2Fwp%2Fv2%2Fproduct_tag&post=14369"}],"curies":[{"name":"wp","href":"https:\/\/api.w.org\/{rel}","templated":true}]}}