{"id":14365,"date":"2022-03-05T12:58:40","date_gmt":"2022-03-05T10:58:40","guid":{"rendered":"https:\/\/begoe.ch\/?post_type=product&#038;p=14365"},"modified":"2022-03-05T13:26:33","modified_gmt":"2022-03-05T11:26:33","slug":"trittstufenprofil-2m","status":"publish","type":"product","link":"https:\/\/begoe.ch\/?product=trittstufenprofil-2m","title":{"rendered":"Trittstufenprofil 2m"},"content":{"rendered":"<p>nach UVV und DGUV Regel 114-010 (ehemals BGR186)<br \/>\nroh<br \/>\nRutschsicher auch bei Frost und Eis<br \/>\nL\u00e4nge 2000mm<br \/>\nProfil 35mm x 30mm x 2mm<br \/>\nNeu und ungebraucht<\/p>\n<p>Weitere Ersatzteile und Zubeh\u00f6r f\u00fcr Abrollmulden und Absetzmulden auf Anfrage erh\u00e4ltlich.<\/p>\n","protected":false},"excerpt":{"rendered":"<p>nach UVV und DGUV Regel 114-010 (ehemals BGR186) roh Rutschsicher auch bei Frost und Eis L\u00e4nge 2000mm Profil 35mm x 30mm x 2mm Neu und ungebraucht Weitere Ersatzteile und Zubeh\u00f6r f\u00fcr Abrollmulden und Absetzmulden auf Anfrage erh\u00e4ltlich.<\/p>\n","protected":false},"featured_media":14368,"template":"","meta":{"ngg_post_thumbnail":0},"product_brand":[],"product_cat":[35],"product_tag":[],"class_list":{"0":"post-14365","1":"product","2":"type-product","3":"status-publish","4":"has-post-thumbnail","6":"product_cat-ersatzteile-abrollmulden","7":"product_shipping_class-gross","9":"first","10":"instock","11":"taxable","12":"shipping-taxable","13":"purchasable","14":"product-type-variable"},"_links":{"self":[{"href":"https:\/\/begoe.ch\/index.php?rest_route=\/wp\/v2\/product\/14365","targetHints":{"allow":["GET"]}}],"collection":[{"href":"https:\/\/begoe.ch\/index.php?rest_route=\/wp\/v2\/product"}],"about":[{"href":"https:\/\/begoe.ch\/index.php?rest_route=\/wp\/v2\/types\/product"}],"wp:featuredmedia":[{"embeddable":true,"href":"https:\/\/begoe.ch\/index.php?rest_route=\/wp\/v2\/media\/14368"}],"wp:attachment":[{"href":"https:\/\/begoe.ch\/index.php?rest_route=%2Fwp%2Fv2%2Fmedia&parent=14365"}],"wp:term":[{"taxonomy":"product_brand","embeddable":true,"href":"https:\/\/begoe.ch\/index.php?rest_route=%2Fwp%2Fv2%2Fproduct_brand&post=14365"},{"taxonomy":"product_cat","embeddable":true,"href":"https:\/\/begoe.ch\/index.php?rest_route=%2Fwp%2Fv2%2Fproduct_cat&post=14365"},{"taxonomy":"product_tag","embeddable":true,"href":"https:\/\/begoe.ch\/index.php?rest_route=%2Fwp%2Fv2%2Fproduct_tag&post=14365"}],"curies":[{"name":"wp","href":"https:\/\/api.w.org\/{rel}","templated":true}]}}