{"id":14361,"date":"2022-03-05T12:56:32","date_gmt":"2022-03-05T10:56:32","guid":{"rendered":"https:\/\/begoe.ch\/?post_type=product&#038;p=14361"},"modified":"2022-03-05T12:56:32","modified_gmt":"2022-03-05T10:56:32","slug":"trittstufe-aus-stahl","status":"publish","type":"product","link":"https:\/\/begoe.ch\/?product=trittstufe-aus-stahl","title":{"rendered":"Trittstufe aus Stahl"},"content":{"rendered":"<p>roh<br \/>\nRutschsicher auch bei Frost und Eis<br \/>\nBreite kpl. 400mm \/ Trittprofil 338mm<br \/>\nProfil 35mm x 30mm x 2mm<br \/>\nTiefe 160mm<br \/>\nAusf\u00fchrung: Winkelstahl 45mm x 30mm x 4mm<br \/>\nNeu und ungebraucht<\/p>\n<p>Weitere Ersatzteile und Zubeh\u00f6r f\u00fcr Abrollmulden und Absetzmulden auf Anfrage erh\u00e4ltlich.<\/p>\n","protected":false},"excerpt":{"rendered":"<p>roh Rutschsicher auch bei Frost und Eis Breite kpl. 400mm \/ Trittprofil 338mm Profil 35mm x 30mm x 2mm Tiefe 160mm Ausf\u00fchrung: Winkelstahl 45mm x 30mm x 4mm Neu und ungebraucht Weitere Ersatzteile und Zubeh\u00f6r f\u00fcr Abrollmulden und Absetzmulden auf Anfrage erh\u00e4ltlich.<\/p>\n","protected":false},"featured_media":14362,"template":"","meta":{"ngg_post_thumbnail":0},"product_brand":[],"product_cat":[35],"product_tag":[],"class_list":{"0":"post-14361","1":"product","2":"type-product","3":"status-publish","4":"has-post-thumbnail","6":"product_cat-ersatzteile-abrollmulden","7":"product_shipping_class-normal","9":"first","10":"instock","11":"taxable","12":"shipping-taxable","13":"purchasable","14":"product-type-simple"},"_links":{"self":[{"href":"https:\/\/begoe.ch\/index.php?rest_route=\/wp\/v2\/product\/14361","targetHints":{"allow":["GET"]}}],"collection":[{"href":"https:\/\/begoe.ch\/index.php?rest_route=\/wp\/v2\/product"}],"about":[{"href":"https:\/\/begoe.ch\/index.php?rest_route=\/wp\/v2\/types\/product"}],"wp:featuredmedia":[{"embeddable":true,"href":"https:\/\/begoe.ch\/index.php?rest_route=\/wp\/v2\/media\/14362"}],"wp:attachment":[{"href":"https:\/\/begoe.ch\/index.php?rest_route=%2Fwp%2Fv2%2Fmedia&parent=14361"}],"wp:term":[{"taxonomy":"product_brand","embeddable":true,"href":"https:\/\/begoe.ch\/index.php?rest_route=%2Fwp%2Fv2%2Fproduct_brand&post=14361"},{"taxonomy":"product_cat","embeddable":true,"href":"https:\/\/begoe.ch\/index.php?rest_route=%2Fwp%2Fv2%2Fproduct_cat&post=14361"},{"taxonomy":"product_tag","embeddable":true,"href":"https:\/\/begoe.ch\/index.php?rest_route=%2Fwp%2Fv2%2Fproduct_tag&post=14361"}],"curies":[{"name":"wp","href":"https:\/\/api.w.org\/{rel}","templated":true}]}}