{"id":14353,"date":"2022-03-05T12:53:31","date_gmt":"2022-03-05T10:53:31","guid":{"rendered":"https:\/\/begoe.ch\/?post_type=product&#038;p=14353"},"modified":"2022-03-05T12:53:31","modified_gmt":"2022-03-05T10:53:31","slug":"netzhaken-zum-anschweissen","status":"publish","type":"product","link":"https:\/\/begoe.ch\/?product=netzhaken-zum-anschweissen","title":{"rendered":"Netzhaken zum Anschweissen"},"content":{"rendered":"<p>Planhaken roh<br \/>\n10mm Rundstahl<br \/>\ngewellte Form<br \/>\nZoll konform<br \/>\nNeu und ungebraucht<br \/>\nWeitere Ersatzteile und Zubeh\u00f6r f\u00fcr Abrollmulden und Absetzmulden auf Anfrage erh\u00e4ltlich.<\/p>\n","protected":false},"excerpt":{"rendered":"<p>Planhaken roh 10mm Rundstahl gewellte Form Zoll konform Neu und ungebraucht Weitere Ersatzteile und Zubeh\u00f6r f\u00fcr Abrollmulden und Absetzmulden auf Anfrage erh\u00e4ltlich.<\/p>\n","protected":false},"featured_media":14356,"template":"","meta":{"ngg_post_thumbnail":0},"product_brand":[],"product_cat":[35],"product_tag":[],"class_list":{"0":"post-14353","1":"product","2":"type-product","3":"status-publish","4":"has-post-thumbnail","6":"product_cat-ersatzteile-abrollmulden","7":"product_shipping_class-normal","9":"first","10":"instock","11":"taxable","12":"shipping-taxable","13":"purchasable","14":"product-type-simple"},"_links":{"self":[{"href":"https:\/\/begoe.ch\/index.php?rest_route=\/wp\/v2\/product\/14353","targetHints":{"allow":["GET"]}}],"collection":[{"href":"https:\/\/begoe.ch\/index.php?rest_route=\/wp\/v2\/product"}],"about":[{"href":"https:\/\/begoe.ch\/index.php?rest_route=\/wp\/v2\/types\/product"}],"wp:featuredmedia":[{"embeddable":true,"href":"https:\/\/begoe.ch\/index.php?rest_route=\/wp\/v2\/media\/14356"}],"wp:attachment":[{"href":"https:\/\/begoe.ch\/index.php?rest_route=%2Fwp%2Fv2%2Fmedia&parent=14353"}],"wp:term":[{"taxonomy":"product_brand","embeddable":true,"href":"https:\/\/begoe.ch\/index.php?rest_route=%2Fwp%2Fv2%2Fproduct_brand&post=14353"},{"taxonomy":"product_cat","embeddable":true,"href":"https:\/\/begoe.ch\/index.php?rest_route=%2Fwp%2Fv2%2Fproduct_cat&post=14353"},{"taxonomy":"product_tag","embeddable":true,"href":"https:\/\/begoe.ch\/index.php?rest_route=%2Fwp%2Fv2%2Fproduct_tag&post=14353"}],"curies":[{"name":"wp","href":"https:\/\/api.w.org\/{rel}","templated":true}]}}