{"id":14330,"date":"2022-02-27T20:26:46","date_gmt":"2022-02-27T18:26:46","guid":{"rendered":"https:\/\/begoe.ch\/?post_type=product&#038;p=14330"},"modified":"2022-03-05T13:30:00","modified_gmt":"2022-03-05T11:30:00","slug":"anschlagoese-schweissbar-mit-feder-3-15-t","status":"publish","type":"product","link":"https:\/\/begoe.ch\/?product=anschlagoese-schweissbar-mit-feder-3-15-t","title":{"rendered":"Anschlag\u00f6se schweissbar mit Feder 3.15 t"},"content":{"rendered":"<p>Anschlag\u00f6se schweissbar mit Feder 3.15 t<\/p>\n<p>Ideal f\u00fcr Spannset, Ketten ect.<br \/>\nZurrb\u00fcgel, Ring\u00f6se, Ladungssicherung, Hebepunkt<br \/>\nDer Anschlagpunkt ist umklappbar &#8211; dadurch keine Stolperfalle.<br \/>\nAllseitig belastbar<br \/>\nTragf\u00e4higkeit 3.15 t, G\u00fcteklasse 8<br \/>\nRingst\u00e4rke 17 mm, Breite 80 mm, Einbauh\u00f6he 34 mm<br \/>\nzum Anschweissen<\/p>\n<p>Neu und ungebraucht<\/p>\n","protected":false},"excerpt":{"rendered":"<p>Anschlag\u00f6se schweissbar mit Feder 3.15 t Ideal f\u00fcr Spannset, Ketten ect. Zurrb\u00fcgel, Ring\u00f6se, Ladungssicherung, Hebepunkt Der Anschlagpunkt ist umklappbar &#8211; dadurch keine Stolperfalle. Allseitig belastbar Tragf\u00e4higkeit 3.15 t, G\u00fcteklasse 8 Ringst\u00e4rke 17 mm, Breite 80 mm, Einbauh\u00f6he 34 mm zum Anschweissen Neu und ungebraucht<\/p>\n","protected":false},"featured_media":14331,"template":"","meta":{"ngg_post_thumbnail":0},"product_brand":[],"product_cat":[17,35],"product_tag":[],"class_list":{"0":"post-14330","1":"product","2":"type-product","3":"status-publish","4":"has-post-thumbnail","6":"product_cat-werkstattzubehoer","7":"product_cat-ersatzteile-abrollmulden","8":"product_shipping_class-normal","10":"first","11":"instock","12":"taxable","13":"shipping-taxable","14":"purchasable","15":"product-type-simple"},"_links":{"self":[{"href":"https:\/\/begoe.ch\/index.php?rest_route=\/wp\/v2\/product\/14330","targetHints":{"allow":["GET"]}}],"collection":[{"href":"https:\/\/begoe.ch\/index.php?rest_route=\/wp\/v2\/product"}],"about":[{"href":"https:\/\/begoe.ch\/index.php?rest_route=\/wp\/v2\/types\/product"}],"wp:featuredmedia":[{"embeddable":true,"href":"https:\/\/begoe.ch\/index.php?rest_route=\/wp\/v2\/media\/14331"}],"wp:attachment":[{"href":"https:\/\/begoe.ch\/index.php?rest_route=%2Fwp%2Fv2%2Fmedia&parent=14330"}],"wp:term":[{"taxonomy":"product_brand","embeddable":true,"href":"https:\/\/begoe.ch\/index.php?rest_route=%2Fwp%2Fv2%2Fproduct_brand&post=14330"},{"taxonomy":"product_cat","embeddable":true,"href":"https:\/\/begoe.ch\/index.php?rest_route=%2Fwp%2Fv2%2Fproduct_cat&post=14330"},{"taxonomy":"product_tag","embeddable":true,"href":"https:\/\/begoe.ch\/index.php?rest_route=%2Fwp%2Fv2%2Fproduct_tag&post=14330"}],"curies":[{"name":"wp","href":"https:\/\/api.w.org\/{rel}","templated":true}]}}