{"id":14277,"date":"2022-02-27T10:45:44","date_gmt":"2022-02-27T08:45:44","guid":{"rendered":"https:\/\/begoe.ch\/?post_type=product&#038;p=14277"},"modified":"2025-04-22T21:13:12","modified_gmt":"2025-04-22T19:13:12","slug":"strahlmittel-fuer-standstrahlanlage-25kg","status":"publish","type":"product","link":"https:\/\/begoe.ch\/?product=strahlmittel-fuer-standstrahlanlage-25kg","title":{"rendered":"Strahlmittel f\u00fcr Standstrahlanlage 25kg"},"content":{"rendered":"<p>Tourasit-Strahlmittel DIN 8201 MSK, ist ein mineralisches Strahlmittel aus granulierter Schmelzkammerschlacke (Aluminiumsilikat). Tourasit-Strahlmittel wird in mehrere Arbeitsg\u00e4ngen granuliert, gewaschen, getrocknet, klassiert und entstaubt. Die sorgf\u00e4ltige Aufbereitung garantiert h\u00f6here Lebesdauer und Strahlleistung als bei vergleichbaren Wettbewerbsprodukten. Das Korn ist kantig aber nicht splittrig.<\/p>\n<p><strong>Anwendung<\/strong><br \/>\nTourasit-Schmelzkammerschlacke eignet sich zum reinigen, entzundern, entsanden bis zum h\u00f6chsten Reinigungsgrad (SA 3). Abstrahlen von Anstrichen, \u00dcberz\u00fcgen und Verunreinigungen auf Stahl, Beton und Holz, gleichzeitig Vorbereitung f\u00fcr Anstriche oder Beschichtungen jeder Art. Auch in geschlossene Strahlhallen einsetzbar.<\/p>\n<p><strong>Sicherheits- und Umweltdaten<\/strong><br \/>\nDie Grenzwerte f\u00fcr die Summe der silikogenen, cancerogenen sowie toxische Komponenten sind unterschritten. Wasserl\u00f6sliche Teile sind nicht enthalten.<\/p>\n<p><strong>Eigenschaften<\/strong><br \/>\nDiese Schmelzkammerschlacke wird normalerweise als Einmal-Strahlmittel verwendet und ist im Sinne der Technischen Regeln f\u00fcr gef\u00e4hrliche Arbeitsstoffe garantiert nicht silikogen. Unser Strahlmittel wird in mehreren Granulations- und Waschvorg\u00e4ngen aufbereitet und nochmals in Trockenzustand entstaubt, sodass wir einen Restanteil an Unterkorn erreichen, der weniger als ein drittel der Norm betr\u00e4gt.<\/p>\n<p><strong>Anwendungsgebiete<\/strong><br \/>\n-Reinigungsstrahlen<br \/>\n-Raustrahlen<br \/>\n-Entrosten<\/p>\n<p><strong>geeignet f\u00fcr folgende Strahlsysteme<\/strong><br \/>\n-Druckluftstrahlanlagen, Sandstrahlen<br \/>\n-Injektorstrahlkabinen<br \/>\n-Schl\u00e4mmstrahlanlage<\/p>\n<p>K\u00f6rnung 0.2-0.5mm oder 0.2-1.0mm<br \/>\nandere K\u00f6rnungen auf Anfrage<br \/>\nAb 4 St\u00fcck Versand per Spedition, Preis ca. 110 CHF<\/p>\n","protected":false},"excerpt":{"rendered":"<p>Tourasit-Strahlmittel DIN 8201 MSK, ist ein mineralisches Strahlmittel aus granulierter Schmelzkammerschlacke (Aluminiumsilikat). Tourasit-Strahlmittel wird in mehrere Arbeitsg\u00e4ngen granuliert, gewaschen, getrocknet, klassiert und entstaubt. Die sorgf\u00e4ltige Aufbereitung garantiert h\u00f6here Lebesdauer und Strahlleistung als bei vergleichbaren Wettbewerbsprodukten. Das Korn ist kantig aber nicht splittrig. Anwendung Tourasit-Schmelzkammerschlacke eignet sich zum reinigen, entzundern, entsanden bis zum h\u00f6chsten Reinigungsgrad (SA&nbsp;&hellip;<\/p>\n","protected":false},"featured_media":14282,"template":"","meta":{"ngg_post_thumbnail":0},"product_brand":[],"product_cat":[17],"product_tag":[],"class_list":{"0":"post-14277","1":"product","2":"type-product","3":"status-publish","4":"has-post-thumbnail","6":"product_cat-werkstattzubehoer","7":"product_shipping_class-gross","9":"first","10":"instock","11":"taxable","12":"shipping-taxable","13":"purchasable","14":"product-type-variable","15":"has-default-attributes"},"_links":{"self":[{"href":"https:\/\/begoe.ch\/index.php?rest_route=\/wp\/v2\/product\/14277","targetHints":{"allow":["GET"]}}],"collection":[{"href":"https:\/\/begoe.ch\/index.php?rest_route=\/wp\/v2\/product"}],"about":[{"href":"https:\/\/begoe.ch\/index.php?rest_route=\/wp\/v2\/types\/product"}],"wp:featuredmedia":[{"embeddable":true,"href":"https:\/\/begoe.ch\/index.php?rest_route=\/wp\/v2\/media\/14282"}],"wp:attachment":[{"href":"https:\/\/begoe.ch\/index.php?rest_route=%2Fwp%2Fv2%2Fmedia&parent=14277"}],"wp:term":[{"taxonomy":"product_brand","embeddable":true,"href":"https:\/\/begoe.ch\/index.php?rest_route=%2Fwp%2Fv2%2Fproduct_brand&post=14277"},{"taxonomy":"product_cat","embeddable":true,"href":"https:\/\/begoe.ch\/index.php?rest_route=%2Fwp%2Fv2%2Fproduct_cat&post=14277"},{"taxonomy":"product_tag","embeddable":true,"href":"https:\/\/begoe.ch\/index.php?rest_route=%2Fwp%2Fv2%2Fproduct_tag&post=14277"}],"curies":[{"name":"wp","href":"https:\/\/api.w.org\/{rel}","templated":true}]}}