{"id":83,"date":"2018-10-06T12:04:38","date_gmt":"2018-10-06T10:04:38","guid":{"rendered":"https:\/\/begoe.ch\/?page_id=83"},"modified":"2019-02-19T11:36:22","modified_gmt":"2019-02-19T09:36:22","slug":"mechanische-werkstatt","status":"publish","type":"page","link":"https:\/\/begoe.ch\/?page_id=83","title":{"rendered":"Impressum"},"content":{"rendered":"<p>F\u00fcr den Inhalt von verlinkten externen Seiten k\u00f6nnen wir keine Verantwortung \u00fcbernehmen. Sollten wir davon Kenntnis erhalten, dass die Inhalte gegen geltendes Recht verstossen, werden wir diese Links sofort entfernen.<br \/>\nAlle Eingabetexte wurden sorgf\u00e4ltig gepr\u00fcft und werden laufend aktualisiert. Eine Garantie f\u00fcr Vollst\u00e4ndigkeit, Richtigkeit und Aktualit\u00e4t kann nicht \u00fcbernommen werden.<\/p>\n<p>Beg\u00f6 GmbH<br \/>\nSchlossackerstr. 45<br \/>\n8526 Oberneunforn<br \/>\n+41 79 220 42 19<br \/>\n<a href=\"mailto:info@begoe.ch\">info@begoe.ch<\/a><\/p>\n","protected":false},"excerpt":{"rendered":"<p>F\u00fcr den Inhalt von verlinkten externen Seiten k\u00f6nnen wir keine Verantwortung \u00fcbernehmen. Sollten wir davon Kenntnis erhalten, dass die Inhalte gegen geltendes Recht verstossen, werden wir diese Links sofort entfernen. Alle Eingabetexte wurden sorgf\u00e4ltig gepr\u00fcft und werden laufend aktualisiert. Eine Garantie f\u00fcr Vollst\u00e4ndigkeit, Richtigkeit und Aktualit\u00e4t kann nicht \u00fcbernommen werden. Beg\u00f6 GmbH Schlossackerstr. 45 8526&nbsp;&hellip;<\/p>\n","protected":false},"author":1,"featured_media":0,"parent":0,"menu_order":0,"comment_status":"closed","ping_status":"closed","template":"","meta":{"ngg_post_thumbnail":0,"footnotes":""},"class_list":["post-83","page","type-page","status-publish","hentry"],"_links":{"self":[{"href":"https:\/\/begoe.ch\/index.php?rest_route=\/wp\/v2\/pages\/83","targetHints":{"allow":["GET"]}}],"collection":[{"href":"https:\/\/begoe.ch\/index.php?rest_route=\/wp\/v2\/pages"}],"about":[{"href":"https:\/\/begoe.ch\/index.php?rest_route=\/wp\/v2\/types\/page"}],"author":[{"embeddable":true,"href":"https:\/\/begoe.ch\/index.php?rest_route=\/wp\/v2\/users\/1"}],"replies":[{"embeddable":true,"href":"https:\/\/begoe.ch\/index.php?rest_route=%2Fwp%2Fv2%2Fcomments&post=83"}],"version-history":[{"count":4,"href":"https:\/\/begoe.ch\/index.php?rest_route=\/wp\/v2\/pages\/83\/revisions"}],"predecessor-version":[{"id":333,"href":"https:\/\/begoe.ch\/index.php?rest_route=\/wp\/v2\/pages\/83\/revisions\/333"}],"wp:attachment":[{"href":"https:\/\/begoe.ch\/index.php?rest_route=%2Fwp%2Fv2%2Fmedia&parent=83"}],"curies":[{"name":"wp","href":"https:\/\/api.w.org\/{rel}","templated":true}]}}