{"id":274,"date":"2019-02-18T17:50:02","date_gmt":"2019-02-18T15:50:02","guid":{"rendered":"https:\/\/begoe.ch\/?page_id=274"},"modified":"2022-02-06T10:06:39","modified_gmt":"2022-02-06T08:06:39","slug":"materialis","status":"publish","type":"page","link":"https:\/\/begoe.ch\/","title":{"rendered":"Front Page"},"content":{"rendered":"<div  data-label=\"About\" data-id=\"about--1\" data-export-id=\"about-1\" data-category=\"about\" class=\"about-1 content-section content-section-spacing-large\" id=\"about-1\" style=\"background-color: rgb(255, 255, 255);\"><div  class=\"gridContainer\"> <div  class=\"row \"><div  class=\"col-xs-12 text-center space-bottom-small\"> <div  class=\"section-title-col content-center-sm\" data-type=\"column\">  <p  class=\"lead\">Wir reparieren ihre Maschinen aller Art, egal ob Land- und Baumaschinen oder Kleinger\u00e4te. Gerne erledigen wir f\u00fcr sie auch Spezialkonstruktionen nach ihren W\u00fcnschen. Kontaktieren sie uns&nbsp; und wir helfen ihnen gerne weiter.<\/p> <\/div> <\/div> <div  class=\"col-xs-12 \"> <div  class=\"col-xs bottom-xs flexbox image-group-bottom-3-img center-xs\"> <img decoding=\"async\"  class=\"left-img mdc-elevation--z10 rounded-topleft-topright\" data-size=\"400x275\" src=\"https:\/\/begoe.ch\/wp-content\/uploads\/2022\/02\/cropped-cropped-bagger-tom_gartenarbeiten_10.jpg\"> <img decoding=\"async\"  class=\"center-img mdc-elevation--z10 rounded-topleft-topright\" data-size=\"500x325\" src=\"https:\/\/begoe.ch\/wp-content\/uploads\/2022\/02\/cropped-IMG-20211217-WA0008-3.jpg\"> <img decoding=\"async\"  class=\"right-img mdc-elevation--z10 rounded-topleft-topright\" data-size=\"400x275\" src=\"https:\/\/begoe.ch\/wp-content\/uploads\/2019\/02\/cropped-20150325-163951-e1550494641964.jpg\"><\/div> <\/div><\/div> <\/div><\/div>","protected":false},"excerpt":{"rendered":"","protected":false},"author":1,"featured_media":0,"parent":0,"menu_order":0,"comment_status":"closed","ping_status":"closed","template":"page-templates\/homepage.php","meta":{"ngg_post_thumbnail":0,"footnotes":""},"class_list":["post-274","page","type-page","status-publish","hentry"],"_links":{"self":[{"href":"https:\/\/begoe.ch\/index.php?rest_route=\/wp\/v2\/pages\/274","targetHints":{"allow":["GET"]}}],"collection":[{"href":"https:\/\/begoe.ch\/index.php?rest_route=\/wp\/v2\/pages"}],"about":[{"href":"https:\/\/begoe.ch\/index.php?rest_route=\/wp\/v2\/types\/page"}],"author":[{"embeddable":true,"href":"https:\/\/begoe.ch\/index.php?rest_route=\/wp\/v2\/users\/1"}],"replies":[{"embeddable":true,"href":"https:\/\/begoe.ch\/index.php?rest_route=%2Fwp%2Fv2%2Fcomments&post=274"}],"version-history":[{"count":8,"href":"https:\/\/begoe.ch\/index.php?rest_route=\/wp\/v2\/pages\/274\/revisions"}],"predecessor-version":[{"id":14266,"href":"https:\/\/begoe.ch\/index.php?rest_route=\/wp\/v2\/pages\/274\/revisions\/14266"}],"wp:attachment":[{"href":"https:\/\/begoe.ch\/index.php?rest_route=%2Fwp%2Fv2%2Fmedia&parent=274"}],"curies":[{"name":"wp","href":"https:\/\/api.w.org\/{rel}","templated":true}]}}