{"id":15,"date":"2018-10-06T09:52:28","date_gmt":"2018-10-06T07:52:28","guid":{"rendered":"https:\/\/begoe.ch\/?page_id=15"},"modified":"2022-03-05T13:36:11","modified_gmt":"2022-03-05T11:36:11","slug":"news","status":"publish","type":"page","link":"https:\/\/begoe.ch\/?page_id=15","title":{"rendered":"News"},"content":{"rendered":"\n<h1 class=\"has-text-align-center wp-block-heading\">Jetzt ist unser Onlineshop endlich fertig<\/h1>\n\n\n<div data-block-name=\"woocommerce\/handpicked-products\" data-columns=\"4\" data-edit-mode=\"false\" data-products=\"[14294,14357,14277,14311]\" class=\"wc-block-grid wp-block-handpicked-products wp-block-woocommerce-handpicked-products wc-block-handpicked-products has-4-columns has-multiple-rows\"><ul class=\"wc-block-grid__products\"><li class=\"wc-block-grid__product\">\n\t\t\t\t<a href=\"https:\/\/begoe.ch\/?product=stahl-containerrolle\" class=\"wc-block-grid__product-link\">\n\t\t\t\t\t\n\t\t\t\t\t<div class=\"wc-block-grid__product-image\"><img loading=\"lazy\" decoding=\"async\" width=\"300\" height=\"300\" src=\"https:\/\/begoe.ch\/wp-content\/uploads\/2022\/03\/20210630_150220-300x300.jpg\" class=\"attachment-woocommerce_thumbnail size-woocommerce_thumbnail\" alt=\"Stahl-Containerrolle\" srcset=\"https:\/\/begoe.ch\/wp-content\/uploads\/2022\/03\/20210630_150220-300x300.jpg 300w, https:\/\/begoe.ch\/wp-content\/uploads\/2022\/03\/20210630_150220-150x150.jpg 150w, https:\/\/begoe.ch\/wp-content\/uploads\/2022\/03\/20210630_150220-100x100.jpg 100w\" sizes=\"auto, (max-width: 300px) 100vw, 300px\" \/><\/div>\n\t\t\t\t\t<div class=\"wc-block-grid__product-title\">Stahl-Containerrolle<\/div>\n\t\t\t\t<\/a>\n\t\t\t\t<div class=\"wc-block-grid__product-price price\"><span class=\"woocommerce-Price-amount amount\"><span class=\"woocommerce-Price-currencySymbol\">&#067;&#072;&#070;<\/span>&nbsp;220,00<\/span><\/div>\n\t\t\t\t\n\t\t\t\t<div class=\"wp-block-button wc-block-grid__product-add-to-cart\"><a href=\"https:\/\/begoe.ch\/?product=stahl-containerrolle\" aria-label=\"Lese mehr \u00fcber &#8222;Stahl-Containerrolle&#8220;\" data-quantity=\"1\" data-product_id=\"14357\" data-product_sku=\"\" data-price=\"220\" rel=\"nofollow\" class=\"wp-block-button__link  add_to_cart_button\">Weiterlesen<\/a><\/div>\n\t\t\t<\/li><li class=\"wc-block-grid__product\">\n\t\t\t\t<a href=\"https:\/\/begoe.ch\/?product=strahlmittel-fuer-standstrahlanlage-25kg\" class=\"wc-block-grid__product-link\">\n\t\t\t\t\t\n\t\t\t\t\t<div class=\"wc-block-grid__product-image\"><img loading=\"lazy\" decoding=\"async\" width=\"300\" height=\"300\" src=\"https:\/\/begoe.ch\/wp-content\/uploads\/2022\/02\/4465814109-e1645952342439-300x300.jpg\" class=\"attachment-woocommerce_thumbnail size-woocommerce_thumbnail\" alt=\"Strahlmittel f\u00fcr Standstrahlanlage 25kg\" srcset=\"https:\/\/begoe.ch\/wp-content\/uploads\/2022\/02\/4465814109-e1645952342439-300x300.jpg 300w, https:\/\/begoe.ch\/wp-content\/uploads\/2022\/02\/4465814109-e1645952342439-100x100.jpg 100w, https:\/\/begoe.ch\/wp-content\/uploads\/2022\/02\/4465814109-e1645952342439-150x150.jpg 150w\" sizes=\"auto, (max-width: 300px) 100vw, 300px\" \/><\/div>\n\t\t\t\t\t<div class=\"wc-block-grid__product-title\">Strahlmittel f\u00fcr Standstrahlanlage 25kg<\/div>\n\t\t\t\t<\/a>\n\t\t\t\t<div class=\"wc-block-grid__product-price price\"><span class=\"woocommerce-Price-amount amount\"><span class=\"woocommerce-Price-currencySymbol\">&#067;&#072;&#070;<\/span>&nbsp;17,00<\/span><\/div>\n\t\t\t\t\n\t\t\t\t<div class=\"wp-block-button wc-block-grid__product-add-to-cart\"><a href=\"https:\/\/begoe.ch\/?product=strahlmittel-fuer-standstrahlanlage-25kg\" aria-label=\"W\u00e4hle Optionen f\u00fcr \u201eStrahlmittel f\u00fcr Standstrahlanlage 25kg\u201c\" data-quantity=\"1\" data-product_id=\"14277\" data-product_sku=\"\" data-price=\"17\" rel=\"nofollow\" class=\"wp-block-button__link  add_to_cart_button\">Ausf\u00fchrung w\u00e4hlen<\/a><\/div>\n\t\t\t<\/li><\/ul><\/div>\n\n\n<div class=\"wp-block-image\"><figure class=\"aligncenter is-resized\"><img loading=\"lazy\" decoding=\"async\" src=\"https:\/\/begoe.ch\/wp-content\/uploads\/2019\/03\/81EZLxtvJhL._SL1500_-811x1024.jpg\" alt=\"Landmaschinen\" class=\"wp-image-344\" width=\"173\" height=\"218\" srcset=\"https:\/\/begoe.ch\/wp-content\/uploads\/2019\/03\/81EZLxtvJhL._SL1500_-811x1024.jpg 811w, https:\/\/begoe.ch\/wp-content\/uploads\/2019\/03\/81EZLxtvJhL._SL1500_-600x758.jpg 600w, https:\/\/begoe.ch\/wp-content\/uploads\/2019\/03\/81EZLxtvJhL._SL1500_-238x300.jpg 238w, https:\/\/begoe.ch\/wp-content\/uploads\/2019\/03\/81EZLxtvJhL._SL1500_-768x970.jpg 768w, https:\/\/begoe.ch\/wp-content\/uploads\/2019\/03\/81EZLxtvJhL._SL1500_-855x1080.jpg 855w, https:\/\/begoe.ch\/wp-content\/uploads\/2019\/03\/81EZLxtvJhL._SL1500_.jpg 1188w\" sizes=\"auto, (max-width: 173px) 100vw, 173px\" \/><\/figure><\/div>\n\n\n<h1 style=\"text-align: center;\">Nun sind Kartenzahlungen m\u00f6glich!<\/h1>\n<p style=\"text-align: center;\">Neu haben wir ein Kreditkartenger\u00e4t f\u00fcr folgende Karten:<\/p>\n<p style=\"text-align: center;\">VISA, Mastercard, Maestro, VPay, American Express, Google Pay und Apple Pay<\/p>\n<p>&nbsp;<\/p>","protected":false},"excerpt":{"rendered":"<p>Jetzt ist unser Onlineshop endlich fertig Nun sind Kartenzahlungen m\u00f6glich! Neu haben wir ein Kreditkartenger\u00e4t f\u00fcr folgende Karten: VISA, Mastercard, Maestro, VPay, American Express, Google Pay und Apple Pay &nbsp;<\/p>\n","protected":false},"author":1,"featured_media":0,"parent":0,"menu_order":0,"comment_status":"closed","ping_status":"closed","template":"","meta":{"ngg_post_thumbnail":0,"footnotes":""},"class_list":["post-15","page","type-page","status-publish","hentry"],"_links":{"self":[{"href":"https:\/\/begoe.ch\/index.php?rest_route=\/wp\/v2\/pages\/15","targetHints":{"allow":["GET"]}}],"collection":[{"href":"https:\/\/begoe.ch\/index.php?rest_route=\/wp\/v2\/pages"}],"about":[{"href":"https:\/\/begoe.ch\/index.php?rest_route=\/wp\/v2\/types\/page"}],"author":[{"embeddable":true,"href":"https:\/\/begoe.ch\/index.php?rest_route=\/wp\/v2\/users\/1"}],"replies":[{"embeddable":true,"href":"https:\/\/begoe.ch\/index.php?rest_route=%2Fwp%2Fv2%2Fcomments&post=15"}],"version-history":[{"count":12,"href":"https:\/\/begoe.ch\/index.php?rest_route=\/wp\/v2\/pages\/15\/revisions"}],"predecessor-version":[{"id":14383,"href":"https:\/\/begoe.ch\/index.php?rest_route=\/wp\/v2\/pages\/15\/revisions\/14383"}],"wp:attachment":[{"href":"https:\/\/begoe.ch\/index.php?rest_route=%2Fwp%2Fv2%2Fmedia&parent=15"}],"curies":[{"name":"wp","href":"https:\/\/api.w.org\/{rel}","templated":true}]}}